{"id":2835,"date":"2020-06-26T17:35:09","date_gmt":"2020-06-26T15:35:09","guid":{"rendered":"https:\/\/envolessence.fr\/?page_id=2835"},"modified":"2020-08-27T19:25:47","modified_gmt":"2020-08-27T17:25:47","slug":"relations-presse","status":"publish","type":"page","link":"https:\/\/envolessence.fr\/cecile-gauthier-labro\/relations-presse\/","title":{"rendered":"Relations Presse"},"content":{"rendered":"<p>[et_pb_section fb_built=\u00a0\u00bb1&Prime; _builder_version=\u00a0\u00bb4.0.7&Prime; custom_padding=\u00a0\u00bb0px|||||\u00a0\u00bb][et_pb_row _builder_version=\u00a0\u00bb4.0.7&Prime; border_width_top=\u00a0\u00bb2px\u00a0\u00bb border_color_top=\u00a0\u00bb#E7B455&Prime; border_width_bottom=\u00a0\u00bb2px\u00a0\u00bb border_color_bottom=\u00a0\u00bb#E7B455&Prime;][et_pb_column type=\u00a0\u00bb4_4&Prime; _builder_version=\u00a0\u00bb4.0.7&Prime;][et_pb_text _builder_version=\u00a0\u00bb4.0.7&Prime; custom_margin=\u00a0\u00bb64px|||||\u00a0\u00bb inline_fonts=\u00a0\u00bbABeeZee,Josefin Sans\u00a0\u00bb]<\/p>\n<p style=\"text-align: center;\"><span color=\"#e7b455\" face=\"Josefin Sans\" size=\"6\" style=\"color: #e7b455; font-family: 'Josefin Sans'; font-size: xx-large;\">Ressources Presse &amp; M\u00e9dias<\/span><\/p>\n<p>[\/et_pb_text][\/et_pb_column][\/et_pb_row][et_pb_row _builder_version=\u00a0\u00bb4.0.7&Prime; custom_margin=\u00a0\u00bb0px|auto||auto||\u00a0\u00bb custom_padding=\u00a0\u00bb45px||8px|||\u00a0\u00bb][et_pb_column type=\u00a0\u00bb4_4&Prime; _builder_version=\u00a0\u00bb4.0.7&Prime;][et_pb_text _builder_version=\u00a0\u00bb4.5.7&Prime; inline_fonts=\u00a0\u00bbABeeZee\u00a0\u00bb]<\/p>\n<p style=\"text-align: center;\"><span style=\"font-size: large;\"><strong>Pour interviewer C\u00e9cile Gauthier Labro, lui proposer de participer \u00e0 un \u00e9v\u00e9nement ou pour toute autres demandes, vous pouvez \u00e9crire directement \u00e0 : <\/strong><\/span><\/p>\n<p style=\"text-align: center;\"><span style=\"font-size: large;\"><strong><a href=\"mailto:contact@envolessence.fr\">contact@envolessence.fr<\/a><\/strong><\/span><\/p>\n<p style=\"text-align: center;\"><span style=\"font-size: large;\"><strong>ou<\/strong><\/span><\/p>\n<p style=\"text-align: center;\"><span style=\"font-size: large;\"><strong><a href=\"mailto:adrien@presence-digitale.net\">adrien@presence-digitale.net<\/a><\/strong><\/span><\/p>\n<p style=\"text-align: center;\"><span style=\"font-size: large;\"><strong><\/strong><\/span><\/p>\n<p style=\"text-align: center;\">* * *\u00a0<span style=\"font-size: large;\"><strong><\/strong><\/span><\/p>\n<p><strong><\/strong><\/p>\n<h2><\/h2>\n<p>[\/et_pb_text][\/et_pb_column][\/et_pb_row][et_pb_row _builder_version=\u00a0\u00bb4.0.7&Prime; custom_margin=\u00a0\u00bb0px|auto||auto||\u00a0\u00bb custom_padding=\u00a0\u00bb13px|||||\u00a0\u00bb][et_pb_column type=\u00a0\u00bb4_4&Prime; _builder_version=\u00a0\u00bb4.0.7&Prime;][et_pb_text _builder_version=\u00a0\u00bb4.5.7&Prime; hover_enabled=\u00a0\u00bb0&Prime; inline_fonts=\u00a0\u00bbABeeZee\u00a0\u00bb]<\/p>\n<p><span style=\"font-size: large;\"><span style=\"color: #000000;\"><b>Sortie du livre : <\/b><\/span><strong><span style=\"color: #e8b455;\">LIBEREZ VOUS DES RELATIONS TOXIQUES GR\u00c2CE AU RITUEL DE LIBERATION THERAPEUTIQUE <span style=\"color: #000000;\"><em>de\u00a0<\/em><\/span><\/span><\/strong><span style=\"color: #000000;\"><em><b>C\u00e9cile Gauthier Labro, Fauves Editions<\/b><\/em><\/span><\/span><\/p>\n<p><span style=\"font-size: large;\"><b><em><\/em><\/b><\/span><\/p>\n<p style=\"text-align: center;\"><span style=\"font-size: x-large;\"><a href=\"https:\/\/envolessence.fr\/wp-content\/uploads\/2020\/08\/Fauves-Editions-Communique-de-presse-Ce\u0301cile-Gauthier-Labro.pdf\" target=\"_blank\" rel=\"noopener noreferrer\" title=\"Communiqu\u00e9 de Presse - Fauves Editions - C\u00e9cile Gauthier Labro\"><strong>=&gt; T\u00e9l\u00e9charger le Communiqu\u00e9 de Presse\u00a0&#8211; Fauves <\/strong><strong>Editions<\/strong><\/a><\/span><\/p>\n<p>[\/et_pb_text][et_pb_text _builder_version=\u00a0\u00bb4.5.7&Prime; inline_fonts=\u00a0\u00bbABeeZee\u00a0\u00bb]<\/p>\n<h3><\/h3>\n<h3><\/h3>\n<h3><img data-attachment-id=\"2844\" data-permalink=\"https:\/\/envolessence.fr\/cecile-gauthier-labro\/couverture-livre-3d-liberez-vous-des-relations-toxiques\/\" data-orig-file=\"https:\/\/i0.wp.com\/envolessence.fr\/wp-content\/uploads\/2020\/07\/Couverture-Livre-3D-Libe\u0301rez-vous-des-relations-toxiques.png?fit=790%2C901&amp;ssl=1\" data-orig-size=\"790,901\" data-comments-opened=\"0\" data-image-meta=\"{&quot;aperture&quot;:&quot;0&quot;,&quot;credit&quot;:&quot;&quot;,&quot;camera&quot;:&quot;&quot;,&quot;caption&quot;:&quot;&quot;,&quot;created_timestamp&quot;:&quot;0&quot;,&quot;copyright&quot;:&quot;&quot;,&quot;focal_length&quot;:&quot;0&quot;,&quot;iso&quot;:&quot;0&quot;,&quot;shutter_speed&quot;:&quot;0&quot;,&quot;title&quot;:&quot;&quot;,&quot;orientation&quot;:&quot;0&quot;}\" data-image-title=\"Couverture Livre 3D &#8211; Libe\u0301rez-vous des relations toxiques\" data-image-description=\"\" data-image-caption=\"\" data-medium-file=\"https:\/\/i0.wp.com\/envolessence.fr\/wp-content\/uploads\/2020\/07\/Couverture-Livre-3D-Libe\u0301rez-vous-des-relations-toxiques.png?fit=263%2C300&amp;ssl=1\" data-large-file=\"https:\/\/i0.wp.com\/envolessence.fr\/wp-content\/uploads\/2020\/07\/Couverture-Livre-3D-Libe\u0301rez-vous-des-relations-toxiques.png?fit=790%2C901&amp;ssl=1\" decoding=\"async\" loading=\"lazy\" src=\"https:\/\/i0.wp.com\/envolessence.fr\/wp-content\/uploads\/2020\/07\/Couverture-Livre-3D-Libe\u0301rez-vous-des-relations-toxiques.png?resize=263%2C300&#038;ssl=1\" width=\"263\" height=\"300\" alt=\"\" class=\"wp-image-2844 aligncenter size-medium\" style=\"float: left;\" srcset=\"https:\/\/i0.wp.com\/envolessence.fr\/wp-content\/uploads\/2020\/07\/Couverture-Livre-3D-Libe\u0301rez-vous-des-relations-toxiques.png?resize=263%2C300&amp;ssl=1 263w, https:\/\/i0.wp.com\/envolessence.fr\/wp-content\/uploads\/2020\/07\/Couverture-Livre-3D-Libe\u0301rez-vous-des-relations-toxiques.png?resize=768%2C876&amp;ssl=1 768w, https:\/\/i0.wp.com\/envolessence.fr\/wp-content\/uploads\/2020\/07\/Couverture-Livre-3D-Libe\u0301rez-vous-des-relations-toxiques.png?resize=610%2C696&amp;ssl=1 610w, https:\/\/i0.wp.com\/envolessence.fr\/wp-content\/uploads\/2020\/07\/Couverture-Livre-3D-Libe\u0301rez-vous-des-relations-toxiques.png?resize=480%2C547&amp;ssl=1 480w, https:\/\/i0.wp.com\/envolessence.fr\/wp-content\/uploads\/2020\/07\/Couverture-Livre-3D-Libe\u0301rez-vous-des-relations-toxiques.png?w=790&amp;ssl=1 790w\" sizes=\"(max-width: 263px) 100vw, 263px\" data-recalc-dims=\"1\" \/>Lib\u00e9rez-vous des relations toxiques Gr\u00e2ce au rituel de lib\u00e9ration th\u00e9rapeutique<\/h3>\n<p><span><\/span><a href=\"https:\/\/envolessence.fr\/#parcours\"><span class=\"texteR\">C\u00e9cile Gauthier Labro<\/span><\/a><\/p>\n<p><span class=\"texteR\"><br \/> <\/span><span><\/span>La qualit\u00e9 de nos relations est aussi pr\u00e9cieuse que l&rsquo;air l&rsquo;on respire. Elle a un impact direct sur notre sant\u00e9 mentale, physique, \u00e9motionnelle et \u00e9nerg\u00e9tique. Qu&rsquo;il s&rsquo;agisse de relations amoureuses, amicales, familiales ou professionnelles et malgr\u00e9 les diff\u00e9rents masques des manipulateurs auxquels nous devons faire face, il s&rsquo;agit toujours des m\u00eames dynamiques qui se mettent en place. Inconsciemment, nous scellons des contrats relationnels qui peuvent nous pousser \u00e0 subir, parfois \u00e0 r\u00e9p\u00e9tition, des relations empreintes d&rsquo;abus \u00e9motionnels et de violences psychologiques.<br \/> Ce livre vous permettra un cheminement, une voie de lib\u00e9ration gr\u00e2ce au Rituel Th\u00e9rapeutique.<\/p>\n<p class=\"textenoirsmallR\"><em>C\u00e9cile Gauthier Labro est coach et th\u00e9rapeute en syst\u00e9mique depuis 15 ans. Elle est longtemps intervenue en entreprise comme consultante sp\u00e9cialis\u00e9e dans l&rsquo;accompagnement des conflits. Apr\u00e8s de multiples \u00e9preuves qui l&rsquo;am\u00e8nent \u00e0 r\u00e9interroger sa pratique, elle exp\u00e9rimente les approches transpersonnelles qui bouleverseront sa vie et son regard de th\u00e9rapeute.<\/em><\/p>\n<p><span class=\"texte3\">Broch\u00e9 &#8211; format : 13,5 x 21,5 cm<br \/> <\/span><\/p>\n<p><a href=\"http:\/\/liseuse.fauves-editions.fr\/979-10-302-0348-6\" target=\"_blank\" rel=\"noopener noreferrer\"><span class=\"texte3\"><img decoding=\"async\" src=\"https:\/\/i0.wp.com\/www.fauves-editions.fr\/images\/lireextrait.png?w=1080&#038;ssl=1\" data-recalc-dims=\"1\" \/><\/span><\/a><\/p>\n<p><span class=\"texte3\"><strong>Visuels :\u00a0<a href=\"https:\/\/www.fauves-editions.fr\/catalogue\/couv\/9791030203486r.jpg\" class=\"textesmalllien fancybox_couverture\" target=\"_blank\" rel=\"noopener noreferrer\">recto<\/a><span>\u00a0\u2022\u00a0<\/span><a href=\"https:\/\/www.fauves-editions.fr\/catalogue\/couv\/9791030203486v.jpg\" class=\"textesmalllien fancybox_couverture\" target=\"_blank\" rel=\"noopener noreferrer\">verso<\/a><span>\u00a0\u2022\u00a0<\/span><a href=\"https:\/\/www.fauves-editions.fr\/catalogue\/couv\/aplat\/9791030203486.pdf\" class=\"textesmalllien\" title=\"T\u00e9l\u00e9charger une version PDF haute d\u00e9finition de l'aplat de couverture\" target=\"_blank\" rel=\"noopener noreferrer\">aplat<\/a><\/strong><\/span><\/p>\n<p><span class=\"texte3\"><strong>ISBN\u00a0:\u00a0979-10-302-0348-6\u00a0\u2022 1\u00a0juillet\u00a02020\u00a0\u2022 312\u00a0pages<\/strong><br \/> EAN13 : 9791030203486<br \/> EAN PDF : 9791030213447<br \/> EAN ePUB : 9791030217964<\/span><\/p>\n<p>* Nos versions num\u00e9riques sont compatibles avec l&rsquo;ensemble des liseuses et lecteurs du march\u00e9.<\/p>\n<p>[\/et_pb_text][\/et_pb_column][\/et_pb_row][et_pb_row column_structure=\u00a0\u00bb1_2,1_2&Prime; _builder_version=\u00a0\u00bb4.0.7&Prime;][et_pb_column type=\u00a0\u00bb1_2&Prime; _builder_version=\u00a0\u00bb4.0.7&Prime;][\/et_pb_column][et_pb_column type=\u00a0\u00bb1_2&Prime; _builder_version=\u00a0\u00bb4.0.7&Prime;][\/et_pb_column][\/et_pb_row][\/et_pb_section]<\/p>\n","protected":false},"excerpt":{"rendered":"<p>Ressources Presse &amp; M\u00e9diasPour interviewer C\u00e9cile Gauthier Labro, lui proposer de participer \u00e0 un \u00e9v\u00e9nement ou pour toute autres demandes, vous pouvez \u00e9crire directement \u00e0 : contact@envolessence.fr ou adrien@presence-digitale.net * * *\u00a0 Sortie du livre : LIBEREZ VOUS DES RELATIONS TOXIQUES GR\u00c2CE AU RITUEL DE LIBERATION THERAPEUTIQUE de\u00a0C\u00e9cile Gauthier Labro, Fauves Editions =&gt; T\u00e9l\u00e9charger le [&hellip;]<\/p>\n","protected":false},"author":2,"featured_media":0,"parent":0,"menu_order":0,"comment_status":"closed","ping_status":"closed","template":"","meta":{"_et_pb_use_builder":"on","_et_pb_old_content":"","_et_gb_content_width":"","_mi_skip_tracking":false},"yoast_head":"<!-- This site is optimized with the Yoast SEO plugin v19.10 - https:\/\/yoast.com\/wordpress\/plugins\/seo\/ -->\n<title>Relations Presse - Envolessence Th\u00e9rapie - C\u00e9cile Gauthier Labro<\/title>\n<meta name=\"robots\" content=\"index, follow, max-snippet:-1, max-image-preview:large, max-video-preview:-1\" \/>\n<link rel=\"canonical\" href=\"https:\/\/envolessence.fr\/cecile-gauthier-labro\/relations-presse\/\" \/>\n<meta property=\"og:locale\" content=\"fr_FR\" \/>\n<meta property=\"og:type\" content=\"article\" \/>\n<meta property=\"og:title\" content=\"Relations Presse - Envolessence Th\u00e9rapie - C\u00e9cile Gauthier Labro\" \/>\n<meta property=\"og:description\" content=\"Ressources Presse &amp; M\u00e9diasPour interviewer C\u00e9cile Gauthier Labro, lui proposer de participer \u00e0 un \u00e9v\u00e9nement ou pour toute autres demandes, vous pouvez \u00e9crire directement \u00e0 : contact@envolessence.fr ou adrien@presence-digitale.net * * *\u00a0 Sortie du livre : LIBEREZ VOUS DES RELATIONS TOXIQUES GR\u00c2CE AU RITUEL DE LIBERATION THERAPEUTIQUE de\u00a0C\u00e9cile Gauthier Labro, Fauves Editions =&gt; T\u00e9l\u00e9charger le [&hellip;]\" \/>\n<meta property=\"og:url\" content=\"https:\/\/envolessence.fr\/cecile-gauthier-labro\/relations-presse\/\" \/>\n<meta property=\"og:site_name\" content=\"Envolessence Th\u00e9rapie - C\u00e9cile Gauthier Labro\" \/>\n<meta property=\"article:modified_time\" content=\"2020-08-27T17:25:47+00:00\" \/>\n<meta property=\"og:image\" content=\"https:\/\/www.fauves-editions.fr\/images\/lireextrait.png\" \/>\n<meta name=\"twitter:card\" content=\"summary_large_image\" \/>\n<meta name=\"twitter:label1\" content=\"Dur\u00e9e de lecture estim\u00e9e\" \/>\n\t<meta name=\"twitter:data1\" content=\"2 minutes\" \/>\n<script type=\"application\/ld+json\" class=\"yoast-schema-graph\">{\"@context\":\"https:\/\/schema.org\",\"@graph\":[{\"@type\":\"WebPage\",\"@id\":\"https:\/\/envolessence.fr\/cecile-gauthier-labro\/relations-presse\/\",\"url\":\"https:\/\/envolessence.fr\/cecile-gauthier-labro\/relations-presse\/\",\"name\":\"Relations Presse - Envolessence Th\u00e9rapie - C\u00e9cile Gauthier Labro\",\"isPartOf\":{\"@id\":\"https:\/\/envolessence.fr\/cecile-gauthier-labro\/#website\"},\"datePublished\":\"2020-06-26T15:35:09+00:00\",\"dateModified\":\"2020-08-27T17:25:47+00:00\",\"breadcrumb\":{\"@id\":\"https:\/\/envolessence.fr\/cecile-gauthier-labro\/relations-presse\/#breadcrumb\"},\"inLanguage\":\"fr-FR\",\"potentialAction\":[{\"@type\":\"ReadAction\",\"target\":[\"https:\/\/envolessence.fr\/cecile-gauthier-labro\/relations-presse\/\"]}]},{\"@type\":\"BreadcrumbList\",\"@id\":\"https:\/\/envolessence.fr\/cecile-gauthier-labro\/relations-presse\/#breadcrumb\",\"itemListElement\":[{\"@type\":\"ListItem\",\"position\":1,\"name\":\"Accueil\",\"item\":\"https:\/\/envolessence.fr\/cecile-gauthier-labro\/\"},{\"@type\":\"ListItem\",\"position\":2,\"name\":\"Relations Presse\"}]},{\"@type\":\"WebSite\",\"@id\":\"https:\/\/envolessence.fr\/cecile-gauthier-labro\/#website\",\"url\":\"https:\/\/envolessence.fr\/cecile-gauthier-labro\/\",\"name\":\"Envolessence Th\u00e9rapie - C\u00e9cile Gauthier Labro\",\"description\":\"Trouvez le sens et l&#039;essence de votre envol\",\"potentialAction\":[{\"@type\":\"SearchAction\",\"target\":{\"@type\":\"EntryPoint\",\"urlTemplate\":\"https:\/\/envolessence.fr\/cecile-gauthier-labro\/?s={search_term_string}\"},\"query-input\":\"required name=search_term_string\"}],\"inLanguage\":\"fr-FR\"}]}<\/script>\n<!-- \/ Yoast SEO plugin. -->","yoast_head_json":{"title":"Relations Presse - Envolessence Th\u00e9rapie - C\u00e9cile Gauthier Labro","robots":{"index":"index","follow":"follow","max-snippet":"max-snippet:-1","max-image-preview":"max-image-preview:large","max-video-preview":"max-video-preview:-1"},"canonical":"https:\/\/envolessence.fr\/cecile-gauthier-labro\/relations-presse\/","og_locale":"fr_FR","og_type":"article","og_title":"Relations Presse - Envolessence Th\u00e9rapie - C\u00e9cile Gauthier Labro","og_description":"Ressources Presse &amp; M\u00e9diasPour interviewer C\u00e9cile Gauthier Labro, lui proposer de participer \u00e0 un \u00e9v\u00e9nement ou pour toute autres demandes, vous pouvez \u00e9crire directement \u00e0 : contact@envolessence.fr ou adrien@presence-digitale.net * * *\u00a0 Sortie du livre : LIBEREZ VOUS DES RELATIONS TOXIQUES GR\u00c2CE AU RITUEL DE LIBERATION THERAPEUTIQUE de\u00a0C\u00e9cile Gauthier Labro, Fauves Editions =&gt; T\u00e9l\u00e9charger le [&hellip;]","og_url":"https:\/\/envolessence.fr\/cecile-gauthier-labro\/relations-presse\/","og_site_name":"Envolessence Th\u00e9rapie - C\u00e9cile Gauthier Labro","article_modified_time":"2020-08-27T17:25:47+00:00","og_image":[{"url":"https:\/\/www.fauves-editions.fr\/images\/lireextrait.png"}],"twitter_card":"summary_large_image","twitter_misc":{"Dur\u00e9e de lecture estim\u00e9e":"2 minutes"},"schema":{"@context":"https:\/\/schema.org","@graph":[{"@type":"WebPage","@id":"https:\/\/envolessence.fr\/cecile-gauthier-labro\/relations-presse\/","url":"https:\/\/envolessence.fr\/cecile-gauthier-labro\/relations-presse\/","name":"Relations Presse - Envolessence Th\u00e9rapie - C\u00e9cile Gauthier Labro","isPartOf":{"@id":"https:\/\/envolessence.fr\/cecile-gauthier-labro\/#website"},"datePublished":"2020-06-26T15:35:09+00:00","dateModified":"2020-08-27T17:25:47+00:00","breadcrumb":{"@id":"https:\/\/envolessence.fr\/cecile-gauthier-labro\/relations-presse\/#breadcrumb"},"inLanguage":"fr-FR","potentialAction":[{"@type":"ReadAction","target":["https:\/\/envolessence.fr\/cecile-gauthier-labro\/relations-presse\/"]}]},{"@type":"BreadcrumbList","@id":"https:\/\/envolessence.fr\/cecile-gauthier-labro\/relations-presse\/#breadcrumb","itemListElement":[{"@type":"ListItem","position":1,"name":"Accueil","item":"https:\/\/envolessence.fr\/cecile-gauthier-labro\/"},{"@type":"ListItem","position":2,"name":"Relations Presse"}]},{"@type":"WebSite","@id":"https:\/\/envolessence.fr\/cecile-gauthier-labro\/#website","url":"https:\/\/envolessence.fr\/cecile-gauthier-labro\/","name":"Envolessence Th\u00e9rapie - C\u00e9cile Gauthier Labro","description":"Trouvez le sens et l&#039;essence de votre envol","potentialAction":[{"@type":"SearchAction","target":{"@type":"EntryPoint","urlTemplate":"https:\/\/envolessence.fr\/cecile-gauthier-labro\/?s={search_term_string}"},"query-input":"required name=search_term_string"}],"inLanguage":"fr-FR"}]}},"jetpack_shortlink":"https:\/\/wp.me\/P9nivL-JJ","jetpack-related-posts":[{"id":1418,"url":"https:\/\/envolessence.fr\/cecile-gauthier-labro\/videos-envolessence-cecile-gauthier-labro\/video-les-5-langages-de-lamour\/","url_meta":{"origin":2835,"position":0},"title":"Vid\u00e9o Les 5 langages de l&rsquo;amour &#8211; C\u00e9cile Gauthier Labro","date":"12 d\u00e9cembre 2019","format":false,"excerpt":"","rel":"","context":"Article similaire","img":{"alt_text":"","src":"","width":0,"height":0},"classes":[]},{"id":1452,"url":"https:\/\/envolessence.fr\/cecile-gauthier-labro\/videos-envolessence-cecile-gauthier-labro\/le-burn-out-passez-le-test\/","url_meta":{"origin":2835,"position":1},"title":"Vid\u00e9o Le Burn Out ! Passez le Test !","date":"12 d\u00e9cembre 2019","format":false,"excerpt":"","rel":"","context":"Article similaire","img":{"alt_text":"","src":"","width":0,"height":0},"classes":[]},{"id":1530,"url":"https:\/\/envolessence.fr\/cecile-gauthier-labro\/videos-envolessence-cecile-gauthier-labro\/video-changement-professionnel-testez-vos-priorites\/","url_meta":{"origin":2835,"position":2},"title":"Vid\u00e9o &#8211; Changement professionnel &#8211; Testez vos priorit\u00e9s","date":"13 d\u00e9cembre 2019","format":false,"excerpt":"","rel":"","context":"Article similaire","img":{"alt_text":"","src":"","width":0,"height":0},"classes":[]},{"id":1476,"url":"https:\/\/envolessence.fr\/cecile-gauthier-labro\/videos-envolessence-cecile-gauthier-labro\/video-ecoute-bienveillante\/","url_meta":{"origin":2835,"position":3},"title":"Vid\u00e9o &#8211; L&rsquo;\u00e9coute Bienveillante","date":"12 d\u00e9cembre 2019","format":false,"excerpt":"","rel":"","context":"Article similaire","img":{"alt_text":"","src":"","width":0,"height":0},"classes":[]},{"id":1517,"url":"https:\/\/envolessence.fr\/cecile-gauthier-labro\/videos-envolessence-cecile-gauthier-labro\/videos-les-casseurs-de-reves\/","url_meta":{"origin":2835,"position":4},"title":"Vid\u00e9os &#8211; Les Casseurs de R\u00eaves !","date":"13 d\u00e9cembre 2019","format":false,"excerpt":"","rel":"","context":"Article similaire","img":{"alt_text":"","src":"","width":0,"height":0},"classes":[]},{"id":1535,"url":"https:\/\/envolessence.fr\/cecile-gauthier-labro\/videos-envolessence-cecile-gauthier-labro\/video-se-liberer-des-relations-toxiques-grace-au-rituel\/","url_meta":{"origin":2835,"position":5},"title":"Vid\u00e9o &#8211; Se lib\u00e9rer des relations toxiques gr\u00e2ce au Rituel","date":"13 d\u00e9cembre 2019","format":false,"excerpt":"","rel":"","context":"Article similaire","img":{"alt_text":"","src":"","width":0,"height":0},"classes":[]}],"_links":{"self":[{"href":"https:\/\/envolessence.fr\/cecile-gauthier-labro\/wp-json\/wp\/v2\/pages\/2835"}],"collection":[{"href":"https:\/\/envolessence.fr\/cecile-gauthier-labro\/wp-json\/wp\/v2\/pages"}],"about":[{"href":"https:\/\/envolessence.fr\/cecile-gauthier-labro\/wp-json\/wp\/v2\/types\/page"}],"author":[{"embeddable":true,"href":"https:\/\/envolessence.fr\/cecile-gauthier-labro\/wp-json\/wp\/v2\/users\/2"}],"replies":[{"embeddable":true,"href":"https:\/\/envolessence.fr\/cecile-gauthier-labro\/wp-json\/wp\/v2\/comments?post=2835"}],"version-history":[{"count":9,"href":"https:\/\/envolessence.fr\/cecile-gauthier-labro\/wp-json\/wp\/v2\/pages\/2835\/revisions"}],"predecessor-version":[{"id":2923,"href":"https:\/\/envolessence.fr\/cecile-gauthier-labro\/wp-json\/wp\/v2\/pages\/2835\/revisions\/2923"}],"wp:attachment":[{"href":"https:\/\/envolessence.fr\/cecile-gauthier-labro\/wp-json\/wp\/v2\/media?parent=2835"}],"curies":[{"name":"wp","href":"https:\/\/api.w.org\/{rel}","templated":true}]}}